{"id":665,"date":"2024-05-16T08:38:34","date_gmt":"2024-05-16T06:38:34","guid":{"rendered":"https:\/\/smlwchelmza.pl\/?page_id=665"},"modified":"2024-05-16T08:41:04","modified_gmt":"2024-05-16T06:41:04","slug":"awarie","status":"publish","type":"page","link":"https:\/\/smlwchelmza.pl\/?page_id=665","title":{"rendered":"Awarie"},"content":{"rendered":"\n<p><strong><u>Telefon dy\u017curny: <\/u><\/strong><strong>782 574\u00a0490<\/strong><\/p>\n\n\n\n<p><strong>Dotyczy wy\u0142\u0105cznie przypadk\u00f3w powoduj\u0105cych szczeg\u00f3lne utrudnienia w funkcjonowaniu lokalu mieszkalnego, budynk\u00f3w lub stanowi\u0105ce bezpo\u015brednie zagro\u017cenie dla zdrowia i \u017cycia mieszka\u0144c\u00f3w oraz bezpiecze\u0144stwa obiekt\u00f3w budowlanych.<\/strong><\/p>\n\n\n\n<p><strong>W dniach wolnych od godz. 7<u><sup>00<\/sup><\/u> do 18<u><sup>00<\/sup><\/u><\/strong><\/p>\n\n\n\n<p><strong>W dniach roboczych od godz. 15<u><sup>00<\/sup><\/u> do 20<u><sup>00<\/sup><\/u><\/strong><\/p>\n\n\n\n<p><strong>&nbsp;<u>Po godzinach naszej pracy pomocy mieszka\u0144com udziel\u0105<\/u><\/strong><\/p>\n\n\n\n<p><strong><u>odpowiednie s\u0142u\u017cby<\/u><\/strong><strong>:<\/strong><\/p>\n\n\n\n<p><strong>112&nbsp;&nbsp; &nbsp;&nbsp; Numer Alarmowy<\/strong><\/p>\n\n\n\n<p><strong>999&nbsp;&nbsp;&nbsp;&nbsp;&nbsp; Pogotowie Ratunkowe&nbsp;<\/strong><\/p>\n\n\n\n<p><strong>998&nbsp;&nbsp;&nbsp;&nbsp;&nbsp; Stra\u017c Po\u017carna<\/strong><\/p>\n\n\n\n<p><strong>997&nbsp;&nbsp;&nbsp;&nbsp; &nbsp;Policja<\/strong><\/p>\n\n\n\n<p><strong>992&nbsp;&nbsp;&nbsp; &nbsp;&nbsp;Pogotowie Gazowe<\/strong><\/p>\n\n\n\n<p><strong>991&nbsp;&nbsp;&nbsp;&nbsp; &nbsp;Pogotowie Energetyczne<\/strong><\/p>\n\n\n\n<p><strong>56&nbsp;675 60 80&nbsp;&nbsp;&nbsp; Zak\u0142ad Wodoci\u0105g\u00f3w i Kanalizacji<\/strong><\/p>\n\n\n\n<p><strong>56&nbsp;675 22 05&nbsp;&nbsp;&nbsp; Stra\u017c Miejska &#8211; patrol<\/strong><\/p>\n","protected":false},"excerpt":{"rendered":"<p>Telefon dy\u017curny: 782 574\u00a0490 Dotyczy wy\u0142\u0105cznie przypadk\u00f3w powoduj\u0105cych szczeg\u00f3lne utrudnienia w funkcjonowaniu lokalu mieszkalnego, budynk\u00f3w lub stanowi\u0105ce bezpo\u015brednie zagro\u017cenie dla zdrowia i \u017cycia mieszka\u0144c\u00f3w oraz bezpiecze\u0144stwa obiekt\u00f3w budowlanych. W dniach wolnych od godz. 700 do 1800 W dniach roboczych od godz. 1500 do 2000 &nbsp;Po godzinach naszej pracy pomocy mieszka\u0144com udziel\u0105 odpowiednie s\u0142u\u017cby: 112&nbsp;&nbsp; &nbsp;&nbsp; [&hellip;]<\/p>\n","protected":false},"author":1,"featured_media":0,"parent":0,"menu_order":0,"comment_status":"closed","ping_status":"closed","template":"","meta":{"footnotes":""},"class_list":["post-665","page","type-page","status-publish","hentry"],"_links":{"self":[{"href":"https:\/\/smlwchelmza.pl\/index.php?rest_route=\/wp\/v2\/pages\/665","targetHints":{"allow":["GET"]}}],"collection":[{"href":"https:\/\/smlwchelmza.pl\/index.php?rest_route=\/wp\/v2\/pages"}],"about":[{"href":"https:\/\/smlwchelmza.pl\/index.php?rest_route=\/wp\/v2\/types\/page"}],"author":[{"embeddable":true,"href":"https:\/\/smlwchelmza.pl\/index.php?rest_route=\/wp\/v2\/users\/1"}],"replies":[{"embeddable":true,"href":"https:\/\/smlwchelmza.pl\/index.php?rest_route=%2Fwp%2Fv2%2Fcomments&post=665"}],"version-history":[{"count":2,"href":"https:\/\/smlwchelmza.pl\/index.php?rest_route=\/wp\/v2\/pages\/665\/revisions"}],"predecessor-version":[{"id":670,"href":"https:\/\/smlwchelmza.pl\/index.php?rest_route=\/wp\/v2\/pages\/665\/revisions\/670"}],"wp:attachment":[{"href":"https:\/\/smlwchelmza.pl\/index.php?rest_route=%2Fwp%2Fv2%2Fmedia&parent=665"}],"curies":[{"name":"wp","href":"https:\/\/api.w.org\/{rel}","templated":true}]}}