{"id":655,"date":"2024-05-15T10:02:03","date_gmt":"2024-05-15T08:02:03","guid":{"rendered":"https:\/\/smlwchelmza.pl\/?page_id=655"},"modified":"2024-05-15T10:04:27","modified_gmt":"2024-05-15T08:04:27","slug":"ochrona-danych","status":"publish","type":"page","link":"https:\/\/smlwchelmza.pl\/?page_id=655","title":{"rendered":"Ochrona danych"},"content":{"rendered":"\n<p>KLAUZULA INFORMACYJNA \u2013 REGULAMIN MONITORINGU WIZYJNEGO SP\u00d3\u0141DZIELNI MIESZKANIOWEJ LOKATORSKO-W\u0141ASNO\u015aCIOWEJ W CHE\u0141M\u017bY<\/p>\n\n\n\n<p>&nbsp;&nbsp;&nbsp;&nbsp;&nbsp;&nbsp;&nbsp;&nbsp;&nbsp;&nbsp;&nbsp; Zgodnie z&nbsp;art. 13 ust. 1 i&nbsp;2 Rozporz\u0105dzenia Parlamentu Europejskiego i&nbsp;Rady (UE) 2016\/679 z&nbsp;dnia 27 kwietnia 2016 r. w&nbsp;sprawie ochrony os\u00f3b fizycznych w&nbsp;zwi\u0105zku z&nbsp;przetwarzaniem danych osobowych i&nbsp;w sprawie swobodnego przep\u0142ywu takich danych oraz uchylenia dyrektywy 95\/46\/WE (og\u00f3lne rozporz\u0105dzenie o&nbsp;ochronie danych), dalej RODO, informuj\u0119, \u017ce:<br>&nbsp;&nbsp;&nbsp;&nbsp;&nbsp;&nbsp; 1. Administratorem Pani\/Pana danych osobowych w&nbsp;zakresie monitoringu wyzyjnego jest Sp\u00f3\u0142dzielnia Mieszkaniowa Lokatorsko \u2013 W\u0142asno\u015bciowa w&nbsp;Che\u0142m\u017cy, ul. Ksi\u0119dza Piotra Skargi 17<br>&nbsp;&nbsp;&nbsp;&nbsp;&nbsp;&nbsp; 2. Dane osobowe w&nbsp;tym wizerunek os\u00f3b przebywaj\u0105cych na terenie obiekt\u00f3w obj\u0119tym monitoringiem wizyjnym b\u0119d\u0105 przetwarzanie w&nbsp;celu zapewnienia bezpiecze\u0144stwa os\u00f3b&nbsp;&nbsp;&nbsp;&nbsp;&nbsp;&nbsp;&nbsp;&nbsp;&nbsp;&nbsp;&nbsp;&nbsp;&nbsp;&nbsp;&nbsp;&nbsp;&nbsp;&nbsp;&nbsp;&nbsp;&nbsp;&nbsp;&nbsp; i&nbsp;mienia na podstawie art. 6 ust.1 pkt. c RODO,<br>&nbsp;&nbsp;&nbsp;&nbsp;&nbsp;&nbsp; 3. Przebywanie w&nbsp;granicach obszaru obj\u0119tego monitoringiem (wewn\u0105trz i&nbsp;na zewn\u0105trz budynk\u00f3w) wi\u0105\u017ce si\u0119 z&nbsp;mo\u017cliwo\u015bci\u0105&nbsp; rejestracji wizerunku na powy\u017cszych zasadach,<br>&nbsp;&nbsp;&nbsp;&nbsp;&nbsp;&nbsp; 4. Pani\/Pana dane nie b\u0119d\u0105 podlega\u0142y zautomatyzowanemu przetwarzaniu (profilowanie),<br>&nbsp;&nbsp;&nbsp;&nbsp;&nbsp;&nbsp; 5. Zapisy monitoringu b\u0119d\u0105 przechowywane do&nbsp;30 dni i&nbsp;b\u0119d\u0105 udost\u0119pniane jedynie podmiotom uprawnionym na mocy przepis\u00f3w prawa, obs\u0142udze informatycznej,<br>&nbsp;&nbsp;&nbsp;&nbsp;&nbsp;&nbsp; 6. Posiada Pani\/Pan prawo dost\u0119pu do&nbsp;tre\u015bci swoich danych oraz prawo ich sprostowania, usuni\u0119cia, ograniczenia przetwarzania przy uwzgl\u0119dnieniu mo\u017cliwo\u015bci technicznych administratora, prawo do&nbsp;przenoszenia danych, prawo wniesienia sprzeciwu,<br>&nbsp;&nbsp;&nbsp;&nbsp;&nbsp;&nbsp; 7. Ma Pani\/Pan prawo wniesienia skargi do&nbsp;Prezesa Urz\u0119du Ochrony Danych Osobowych, gdy uzna Pani\/Pan, \u017ce przetwarzanie danych osobowych Pani\/Pana dotycz\u0105cych narusza przepisy RODO.<\/p>\n\n\n\n<p><a href=\"https:\/\/smlwchelmza.pl\/?p=422\">INFORMACJA O PRZETWARZANIU DANYCH OSOBY FIZYCZNEJ KORZYSTAJ\u0104CEJ Z ZASOB\u00d3W SP\u00d3\u0141DZIELNI MIESZKANIOWEJ LOKATORSKO-W\u0141ASNO\u015aCIOWEJ W CHE\u0141M\u017bY<\/a><\/p>\n\n\n\n<p><\/p>\n\n\n\n<p>INFORMACJA O PRZETWARZANIU DANYCH OSOBY FIZYCZNEJ KORZYSTAJ\u0104CEJ Z ZASOB\u00d3W&nbsp; SP\u00d3\u0141DZIELNI MIESZKANIOWEJ LOKATORSKO-W\u0141ASNO\u015aCIOWEJ W CHE\u0141M\u017bY<br>Zgodnie z&nbsp;art. 13 ust. 1 i&nbsp;ust. 2 og\u00f3lnego rozporz\u0105dzenia o&nbsp;ochronie danych osobowych z&nbsp;dnia 27 kwietnia 2016 r. informuj\u0119, i\u017c:<br>&nbsp;&nbsp;&nbsp;&nbsp;&nbsp;&nbsp; 1. Administratorem Pani\/Pana danych osobowych jest Sp\u00f3\u0142dzielnia Mieszkaniowa Lokatorsko \u2013 W\u0142asno\u015bciowa w&nbsp;Che\u0142m\u017cy, ul. Ksi\u0119dza Piotra Skargi 17<br>&nbsp;&nbsp;&nbsp;&nbsp;&nbsp;&nbsp; 2. Pani\/Pana dane osobowe przetwarzane by\u0107 mog\u0105 w&nbsp;celu kontaktu, zawarcia umowy, a&nbsp;nast\u0119pnie realizacji us\u0142ug \u2013 na podstawie Art. 6 ust. 1 lit. b og\u00f3lnego rozporz\u0105dzenia o&nbsp;ochronie danych osobowych z&nbsp;dnia 27 kwietnia 2016 r. oraz Art. 6 ust 1 lit f \u2013 dzia\u0142ania marketingowe<br>&nbsp;&nbsp;&nbsp;&nbsp;&nbsp;&nbsp; 3. Pana\/Pani dane osobowe mog\u0105 by\u0107 przekazane podmiotom obs\u0142uguj\u0105cym administratora w&nbsp;zakresie us\u0142ug hostingowych; Podmioty te&nbsp; r\u00f3wnie\u017c s\u0105 zobowi\u0105zane do&nbsp;ochrony Pana\/Pani danych osobowych.<br>&nbsp;&nbsp;&nbsp;&nbsp;&nbsp;&nbsp; 4. Pani\/Pana dane osobowe mog\u0105 by\u0107 przechowywane przez okres 6 lat po zako\u0144czeniu umowy lub do&nbsp;momentu cofni\u0119cia zgody, prosz\u0119 pami\u0119ta\u0107 \u017ce zgod\u0119 na przetwarzanie danych osobowych mo\u017cna cofn\u0105\u0107 w&nbsp;dowolnym momencie, jednak\u017ce jej odwo\u0142anie nie wp\u0142ynie na zgodno\u015b\u0107 z&nbsp;prawem przetwarzania, kt\u00f3rego dokonali\u015bmy na podstawie tej zgody przed jej cofni\u0119ciem<br>&nbsp;&nbsp;&nbsp;&nbsp;&nbsp;&nbsp; 5. Posiada Pani\/Pan prawo do&nbsp;\u017c\u0105dania od administratora dost\u0119pu do&nbsp;danych osobowych, prawo do&nbsp;ich sprostowania, usuni\u0119cia lub ograniczenia przetwarzania, prawo do&nbsp;wniesienia sprzeciwu wobec przetwarzania oraz prawo do&nbsp;przenoszenia danych,<br>&nbsp;&nbsp;&nbsp;&nbsp;&nbsp;&nbsp; 6. Ma Pani\/Pan prawo wniesienia skargi do&nbsp;organu nadzorczego, gdy uzna Pani\/Pan, i\u017c przetwarzanie danych osobowych Pani\/Pana dotycz\u0105cych narusza przepisy og\u00f3lnego rozporz\u0105dzenia o&nbsp;ochronie danych osobowych z&nbsp;dnia 27 kwietnia 2016 r.<br>&nbsp;&nbsp;&nbsp;&nbsp;&nbsp;&nbsp; 7. Podanie przez Pana\/Pani\u0105 danych osobowych jest dobrowolne, jednak ich nie podanie uniemo\u017cliwi nam kontakt, zawarcie umowy\/realizacj\u0119 us\u0142ugi;<br>&nbsp;&nbsp;&nbsp;&nbsp;&nbsp;&nbsp; 8. Nie b\u0119dzie Pani\/Pan podlega\u0107 automatycznemu przetwarzaniu danych.<\/p>\n\n\n\n<p><a href=\"https:\/\/smlwchelmza.pl\/?p=417\">Dy\u017cury w sp\u00f3\u0142dzielni<\/a><\/p>\n\n\n\n<p><a href=\"https:\/\/smlwchelmza.pl\/?p=424\">KLAUZULA INFORMACYJNA \u2013 REGULAMIN MONITORINGU WIZYJNEGO SP\u00d3\u0141DZIELNI MIESZKANIOWEJ LOKATORSKO-W\u0141ASNO\u015aCIOWEJ W CHE\u0141M\u017bY<\/a><\/p>\n","protected":false},"excerpt":{"rendered":"<p>KLAUZULA INFORMACYJNA \u2013 REGULAMIN MONITORINGU WIZYJNEGO SP\u00d3\u0141DZIELNI MIESZKANIOWEJ LOKATORSKO-W\u0141ASNO\u015aCIOWEJ W CHE\u0141M\u017bY &nbsp;&nbsp;&nbsp;&nbsp;&nbsp;&nbsp;&nbsp;&nbsp;&nbsp;&nbsp;&nbsp; Zgodnie z&nbsp;art. 13 ust. 1 i&nbsp;2 Rozporz\u0105dzenia Parlamentu Europejskiego i&nbsp;Rady (UE) 2016\/679 z&nbsp;dnia 27 kwietnia 2016 r. w&nbsp;sprawie ochrony os\u00f3b fizycznych w&nbsp;zwi\u0105zku z&nbsp;przetwarzaniem danych osobowych i&nbsp;w sprawie swobodnego przep\u0142ywu takich danych oraz uchylenia dyrektywy 95\/46\/WE (og\u00f3lne rozporz\u0105dzenie o&nbsp;ochronie danych), dalej RODO, informuj\u0119, \u017ce:&nbsp;&nbsp;&nbsp;&nbsp;&nbsp;&nbsp; [&hellip;]<\/p>\n","protected":false},"author":1,"featured_media":0,"parent":0,"menu_order":0,"comment_status":"closed","ping_status":"closed","template":"","meta":{"footnotes":""},"class_list":["post-655","page","type-page","status-publish","hentry"],"_links":{"self":[{"href":"https:\/\/smlwchelmza.pl\/index.php?rest_route=\/wp\/v2\/pages\/655","targetHints":{"allow":["GET"]}}],"collection":[{"href":"https:\/\/smlwchelmza.pl\/index.php?rest_route=\/wp\/v2\/pages"}],"about":[{"href":"https:\/\/smlwchelmza.pl\/index.php?rest_route=\/wp\/v2\/types\/page"}],"author":[{"embeddable":true,"href":"https:\/\/smlwchelmza.pl\/index.php?rest_route=\/wp\/v2\/users\/1"}],"replies":[{"embeddable":true,"href":"https:\/\/smlwchelmza.pl\/index.php?rest_route=%2Fwp%2Fv2%2Fcomments&post=655"}],"version-history":[{"count":2,"href":"https:\/\/smlwchelmza.pl\/index.php?rest_route=\/wp\/v2\/pages\/655\/revisions"}],"predecessor-version":[{"id":658,"href":"https:\/\/smlwchelmza.pl\/index.php?rest_route=\/wp\/v2\/pages\/655\/revisions\/658"}],"wp:attachment":[{"href":"https:\/\/smlwchelmza.pl\/index.php?rest_route=%2Fwp%2Fv2%2Fmedia&parent=655"}],"curies":[{"name":"wp","href":"https:\/\/api.w.org\/{rel}","templated":true}]}}