{"id":565,"date":"2024-05-10T18:17:49","date_gmt":"2024-05-10T16:17:49","guid":{"rendered":"https:\/\/smlwchelmza.pl\/?page_id=565"},"modified":"2025-12-17T08:01:43","modified_gmt":"2025-12-17T07:01:43","slug":"plan-prac-remontowych","status":"publish","type":"page","link":"https:\/\/smlwchelmza.pl\/?page_id=565","title":{"rendered":"Plan prac remontowych"},"content":{"rendered":"\n<p><a href=\"https:\/\/smlwchelmza.pl\/wp-content\/uploads\/2025\/12\/Plan-na-2026-strona-internetowa.docx\" data-type=\"link\" data-id=\"https:\/\/smlwchelmza.pl\/wp-content\/uploads\/2025\/12\/Plan-na-2026-strona-internetowa.docx\" target=\"_blank\" rel=\"noreferrer noopener\">Plan remontowy na rok 2026<\/a><\/p>\n\n\n\n<p><a href=\"https:\/\/smlwchelmza.pl\/wp-content\/uploads\/2024\/12\/Plan-prac-remontowych-na-2025-rok.docx\" data-type=\"link\" data-id=\"https:\/\/smlwchelmza.pl\/wp-content\/uploads\/2024\/12\/Plan-prac-remontowych-na-2025-rok.docx\">Plan prac remontowych na 2025 rok zatwierdzony uchwa\u0142\u0105 RN Nadzorczej nr 17\/12\/2024 dnia 03.12.2024r.<\/a><\/p>\n\n\n\n<p><a href=\"https:\/\/smlwchelmza.pl\/wp-content\/uploads\/2024\/05\/Plan-prac-remontowych-zasobow-Spoldzielni-Mieszkaniowej-Lokatorsko-Wlasnosciowej-w-Chelmzy-na-2024-zatwierdzony-uchwala-Rady-Nadzorczej-nr-33132023-dnia-06.12.2023r.pdf\" data-type=\"link\" data-id=\"https:\/\/smlwchelmza.pl\/wp-content\/uploads\/2024\/05\/Plan-prac-remontowych-zasobow-Spoldzielni-Mieszkaniowej-Lokatorsko-Wlasnosciowej-w-Chelmzy-na-2024-zatwierdzony-uchwala-Rady-Nadzorczej-nr-33132023-dnia-06.12.2023r.pdf\" target=\"_blank\" rel=\"noreferrer noopener\">Plan prac remontowych zasob\u00f3w Sp\u00f3\u0142dzielni Mieszkaniowej Lokatorsko-W\u0142asno\u015bciowej w Che\u0142m\u017cy na 2024 zatwierdzony uchwa\u0142\u0105 Rady Nadzorczej nr 33132023 dnia 06.12.2023r.<\/a><\/p>\n\n\n\n<p><a href=\"https:\/\/smlwchelmza.pl\/wp-content\/uploads\/2024\/05\/Plan-prac-remontowych-zasobow-Spoldzielni-Mieszkaniowej-Lokatorsko-Wlasnosciowej-w-Chelmzy-na-2018-rok-zatwierdzony-uchwala-Rady-Nadzorczej-nr-16122017-dnia-05.12.2017-r.pdf\" data-type=\"link\" data-id=\"https:\/\/smlwchelmza.pl\/wp-content\/uploads\/2024\/05\/Plan-prac-remontowych-zasobow-Spoldzielni-Mieszkaniowej-Lokatorsko-Wlasnosciowej-w-Chelmzy-na-2018-rok-zatwierdzony-uchwala-Rady-Nadzorczej-nr-16122017-dnia-05.12.2017-r.pdf\" target=\"_blank\" rel=\"noreferrer noopener\">Plan prac remontowych zasob\u00f3w Sp\u00f3\u0142dzielni Mieszkaniowej Lokatorsko-W\u0142asno\u015bciowej w Che\u0142m\u017cy na 2018 rok zatwierdzony uchwa\u0142\u0105 Rady Nadzorczej nr 16122017 dnia 05.12.2017 r.<\/a><\/p>\n\n\n\n<p><a href=\"https:\/\/smlwchelmza.pl\/wp-content\/uploads\/2024\/05\/Plan-prac-remontowych-zasobow-Spoldzielni-Mieszkaniowej-Lokatorsko-Wlasnosciowej-w-Chelmzy-na-2017-rok-zatwierdzony-uchwala-Rady-Nadzorcze-z-dnia-02.01.2017r.pdf\" data-type=\"link\" data-id=\"https:\/\/smlwchelmza.pl\/wp-content\/uploads\/2024\/05\/Plan-prac-remontowych-zasobow-Spoldzielni-Mieszkaniowej-Lokatorsko-Wlasnosciowej-w-Chelmzy-na-2017-rok-zatwierdzony-uchwala-Rady-Nadzorcze-z-dnia-02.01.2017r.pdf\" target=\"_blank\" rel=\"noreferrer noopener\">Plan prac remontowych zasob\u00f3w Sp\u00f3\u0142dzielni Mieszkaniowej Lokatorsko-W\u0142asno\u015bciowej w Che\u0142m\u017cy na 2017 rok zatwierdzony uchwa\u0142\u0105 Rady Nadzorcze z dnia 02.01.2017r.<\/a><\/p>\n\n\n\n<p><a href=\"https:\/\/smlwchelmza.pl\/wp-content\/uploads\/2024\/05\/Plan-prac-remontowych-zasobow-Spoldzielni-Mieszkaniowej-Lokatorsko-Wlasnosciowej-w-Chelmzy-na-2016-rok-zatwierdzony-uchwala-Rady-Nadzorczej-nr-312016-z-dnia-05.01.2016r.pdf\" target=\"_blank\" rel=\"noreferrer noopener\">Plan prac remontowych zasob\u00f3w Sp\u00f3\u0142dzielni Mieszkaniowej Lokatorsko-W\u0142asno\u015bciowej w Che\u0142m\u017cy na 2016 rok zatwierdzony uchwa\u0142\u0105 Rady Nadzorczej nr 312016 z dnia 05.01.2016r.<\/a><\/p>\n","protected":false},"excerpt":{"rendered":"<p>Plan remontowy na rok 2026 Plan prac remontowych na 2025 rok zatwierdzony uchwa\u0142\u0105 RN Nadzorczej nr 17\/12\/2024 dnia 03.12.2024r. Plan prac remontowych zasob\u00f3w Sp\u00f3\u0142dzielni Mieszkaniowej Lokatorsko-W\u0142asno\u015bciowej w Che\u0142m\u017cy na 2024 zatwierdzony uchwa\u0142\u0105 Rady Nadzorczej nr 33132023 dnia 06.12.2023r. Plan prac remontowych zasob\u00f3w Sp\u00f3\u0142dzielni Mieszkaniowej Lokatorsko-W\u0142asno\u015bciowej w Che\u0142m\u017cy na 2018 rok zatwierdzony uchwa\u0142\u0105 Rady Nadzorczej nr [&hellip;]<\/p>\n","protected":false},"author":1,"featured_media":0,"parent":0,"menu_order":0,"comment_status":"closed","ping_status":"closed","template":"","meta":{"footnotes":""},"class_list":["post-565","page","type-page","status-publish","hentry"],"_links":{"self":[{"href":"https:\/\/smlwchelmza.pl\/index.php?rest_route=\/wp\/v2\/pages\/565","targetHints":{"allow":["GET"]}}],"collection":[{"href":"https:\/\/smlwchelmza.pl\/index.php?rest_route=\/wp\/v2\/pages"}],"about":[{"href":"https:\/\/smlwchelmza.pl\/index.php?rest_route=\/wp\/v2\/types\/page"}],"author":[{"embeddable":true,"href":"https:\/\/smlwchelmza.pl\/index.php?rest_route=\/wp\/v2\/users\/1"}],"replies":[{"embeddable":true,"href":"https:\/\/smlwchelmza.pl\/index.php?rest_route=%2Fwp%2Fv2%2Fcomments&post=565"}],"version-history":[{"count":6,"href":"https:\/\/smlwchelmza.pl\/index.php?rest_route=\/wp\/v2\/pages\/565\/revisions"}],"predecessor-version":[{"id":891,"href":"https:\/\/smlwchelmza.pl\/index.php?rest_route=\/wp\/v2\/pages\/565\/revisions\/891"}],"wp:attachment":[{"href":"https:\/\/smlwchelmza.pl\/index.php?rest_route=%2Fwp%2Fv2%2Fmedia&parent=565"}],"curies":[{"name":"wp","href":"https:\/\/api.w.org\/{rel}","templated":true}]}}