{"id":504,"date":"2024-05-10T17:48:16","date_gmt":"2024-05-10T15:48:16","guid":{"rendered":"https:\/\/smlwchelmza.pl\/?page_id=504"},"modified":"2024-05-10T17:59:23","modified_gmt":"2024-05-10T15:59:23","slug":"sklad-rady-nadzorczej","status":"publish","type":"page","link":"https:\/\/smlwchelmza.pl\/?page_id=504","title":{"rendered":"Sk\u0142ad Rady Nadzorczej"},"content":{"rendered":"\n<p>Sk\u0142ad Rady&nbsp; Nadzorczej<\/p>\n\n\n\n<p>Sp\u00f3\u0142dzielni&nbsp; Mieszkaniowej Lokatorsko-W\u0142asno\u015bciowej w&nbsp;Che\u0142m\u017cy<\/p>\n\n\n\n<p>1. Beszczy\u0144ski Tomasz \u2013 Przewodnicz\u0105cy R.N.&nbsp;<\/p>\n\n\n\n<p>2. Wierzbowski Marek \u2013 Z-ca Przewodnicz\u0105cego R.N., Przewodnicz\u0105cy Komisji GZM<\/p>\n\n\n\n<p>3. Br\u0105\u017ckowska Janina \u2013 Sekretarz R.N.<\/p>\n\n\n\n<p>4. Sikora Andrzej \u2013 Przewodnicz\u0105cy Komisji Rewizyjnej<\/p>\n\n\n\n<p>5. Kozera Joanna \u2013\u00a0 Przewodnicz\u0105cy Komisji\u00a0 ds. zad\u0142u\u017ce\u0144 czynszowych<\/p>\n\n\n\n<p>Rada Nadzorcza przyjmuje interesant\u00f3w w&nbsp;ka\u017cdy pierwszy wtorek miesi\u0105ca w&nbsp;godzinach 15:00 \u2013 16:00 w&nbsp;biurze Sp\u00f3\u0142dzielni Mieszkaniowej przy ul. P. Skargi 17.<\/p>\n\n\n\n<p><\/p>\n","protected":false},"excerpt":{"rendered":"<p>Sk\u0142ad Rady&nbsp; Nadzorczej Sp\u00f3\u0142dzielni&nbsp; Mieszkaniowej Lokatorsko-W\u0142asno\u015bciowej w&nbsp;Che\u0142m\u017cy 1. Beszczy\u0144ski Tomasz \u2013 Przewodnicz\u0105cy R.N.&nbsp; 2. Wierzbowski Marek \u2013 Z-ca Przewodnicz\u0105cego R.N., Przewodnicz\u0105cy Komisji GZM 3. Br\u0105\u017ckowska Janina \u2013 Sekretarz R.N. 4. Sikora Andrzej \u2013 Przewodnicz\u0105cy Komisji Rewizyjnej 5. Kozera Joanna \u2013\u00a0 Przewodnicz\u0105cy Komisji\u00a0 ds. zad\u0142u\u017ce\u0144 czynszowych Rada Nadzorcza przyjmuje interesant\u00f3w w&nbsp;ka\u017cdy pierwszy wtorek miesi\u0105ca w&nbsp;godzinach 15:00 [&hellip;]<\/p>\n","protected":false},"author":1,"featured_media":0,"parent":0,"menu_order":0,"comment_status":"closed","ping_status":"closed","template":"","meta":{"footnotes":""},"class_list":["post-504","page","type-page","status-publish","hentry"],"_links":{"self":[{"href":"https:\/\/smlwchelmza.pl\/index.php?rest_route=\/wp\/v2\/pages\/504","targetHints":{"allow":["GET"]}}],"collection":[{"href":"https:\/\/smlwchelmza.pl\/index.php?rest_route=\/wp\/v2\/pages"}],"about":[{"href":"https:\/\/smlwchelmza.pl\/index.php?rest_route=\/wp\/v2\/types\/page"}],"author":[{"embeddable":true,"href":"https:\/\/smlwchelmza.pl\/index.php?rest_route=\/wp\/v2\/users\/1"}],"replies":[{"embeddable":true,"href":"https:\/\/smlwchelmza.pl\/index.php?rest_route=%2Fwp%2Fv2%2Fcomments&post=504"}],"version-history":[{"count":2,"href":"https:\/\/smlwchelmza.pl\/index.php?rest_route=\/wp\/v2\/pages\/504\/revisions"}],"predecessor-version":[{"id":545,"href":"https:\/\/smlwchelmza.pl\/index.php?rest_route=\/wp\/v2\/pages\/504\/revisions\/545"}],"wp:attachment":[{"href":"https:\/\/smlwchelmza.pl\/index.php?rest_route=%2Fwp%2Fv2%2Fmedia&parent=504"}],"curies":[{"name":"wp","href":"https:\/\/api.w.org\/{rel}","templated":true}]}}