{"id":500,"date":"2024-05-10T17:47:50","date_gmt":"2024-05-10T15:47:50","guid":{"rendered":"https:\/\/smlwchelmza.pl\/?page_id=500"},"modified":"2024-05-16T08:45:56","modified_gmt":"2024-05-16T06:45:56","slug":"godziny-urzedowania","status":"publish","type":"page","link":"https:\/\/smlwchelmza.pl\/?page_id=500","title":{"rendered":"Godziny urz\u0119dowania"},"content":{"rendered":"\n<h1 class=\"wp-block-heading\" style=\"font-size:33px\">Godziny urz\u0119dowania Sp\u00f3\u0142dzielni Mieszkaniowej:<\/h1>\n\n\n\n<p>Poniedzia\u0142ek, \u015broda, czwartek, pi\u0105tek: 7<sup>00<\/sup>&nbsp;\u2013 15<sup>00<\/sup><\/p>\n\n\n\n<p>Wtorek: 8<sup>00<\/sup>&nbsp;\u2013 16<sup>00<\/sup><\/p>\n\n\n\n<p>Kasa czynna: poniedzia\u0142ek, \u015broda, czwartek pi\u0105tek: 7<sup>15<\/sup>&nbsp;\u2013 14<sup>00<\/sup><\/p>\n\n\n\n<p>Wtorek: 8<sup>00<\/sup>&nbsp;\u2013 15<sup>30<\/sup><\/p>\n\n\n\n<p>Telefon dy\u017curny:<\/p>\n\n\n\n<p>&nbsp;<strong>782-574-490<\/strong><\/p>\n\n\n\n<p>Konto bankowe: Bank Sp\u00f3\u0142dzielczy o\/Che\u0142m\u017ca<\/p>\n\n\n\n<p>nr 24 9484 1017 2600 0225 1635 0001<\/p>\n\n\n\n<p>Nr telefon\u00f3w: 566752045<\/p>\n","protected":false},"excerpt":{"rendered":"<p>Godziny urz\u0119dowania Sp\u00f3\u0142dzielni Mieszkaniowej: Poniedzia\u0142ek, \u015broda, czwartek, pi\u0105tek: 700&nbsp;\u2013 1500 Wtorek: 800&nbsp;\u2013 1600 Kasa czynna: poniedzia\u0142ek, \u015broda, czwartek pi\u0105tek: 715&nbsp;\u2013 1400 Wtorek: 800&nbsp;\u2013 1530 Telefon dy\u017curny: &nbsp;782-574-490 Konto bankowe: Bank Sp\u00f3\u0142dzielczy o\/Che\u0142m\u017ca nr 24 9484 1017 2600 0225 1635 0001 Nr telefon\u00f3w: 566752045<\/p>\n","protected":false},"author":1,"featured_media":0,"parent":0,"menu_order":0,"comment_status":"closed","ping_status":"closed","template":"","meta":{"footnotes":""},"class_list":["post-500","page","type-page","status-publish","hentry"],"_links":{"self":[{"href":"https:\/\/smlwchelmza.pl\/index.php?rest_route=\/wp\/v2\/pages\/500","targetHints":{"allow":["GET"]}}],"collection":[{"href":"https:\/\/smlwchelmza.pl\/index.php?rest_route=\/wp\/v2\/pages"}],"about":[{"href":"https:\/\/smlwchelmza.pl\/index.php?rest_route=\/wp\/v2\/types\/page"}],"author":[{"embeddable":true,"href":"https:\/\/smlwchelmza.pl\/index.php?rest_route=\/wp\/v2\/users\/1"}],"replies":[{"embeddable":true,"href":"https:\/\/smlwchelmza.pl\/index.php?rest_route=%2Fwp%2Fv2%2Fcomments&post=500"}],"version-history":[{"count":3,"href":"https:\/\/smlwchelmza.pl\/index.php?rest_route=\/wp\/v2\/pages\/500\/revisions"}],"predecessor-version":[{"id":672,"href":"https:\/\/smlwchelmza.pl\/index.php?rest_route=\/wp\/v2\/pages\/500\/revisions\/672"}],"wp:attachment":[{"href":"https:\/\/smlwchelmza.pl\/index.php?rest_route=%2Fwp%2Fv2%2Fmedia&parent=500"}],"curies":[{"name":"wp","href":"https:\/\/api.w.org\/{rel}","templated":true}]}}