{"id":20,"date":"2024-05-10T13:42:04","date_gmt":"2024-05-10T11:42:04","guid":{"rendered":"https:\/\/smlwchelmza.pl\/?page_id=20"},"modified":"2024-05-10T18:53:11","modified_gmt":"2024-05-10T16:53:11","slug":"do-pobrania","status":"publish","type":"page","link":"https:\/\/smlwchelmza.pl\/?page_id=20","title":{"rendered":"Do pobrania"},"content":{"rendered":"\n<p><a href=\"https:\/\/smlwchelmza.pl\/wp-content\/uploads\/2024\/05\/klauzula_informacyjna.pdf\" data-type=\"link\" data-id=\"https:\/\/smlwchelmza.pl\/wp-content\/uploads\/2024\/05\/klauzula_informacyjna.pdf\" target=\"_blank\" rel=\"noreferrer noopener\">Klauzula RODO<\/a><\/p>\n\n\n\n<p><a href=\"https:\/\/smlwchelmza.pl\/wp-content\/uploads\/2024\/05\/Oswiadczenie.pdf\" data-type=\"attachment\" data-id=\"564\" target=\"_blank\" rel=\"noreferrer noopener\">Oswiadczenie o wyra\u017ceniu zgody na przesy\u0142anie korespondencji drog\u0105 elektroniczn\u0105<\/a><\/p>\n\n\n\n<p><a href=\"https:\/\/smlwchelmza.pl\/wp-content\/uploads\/2024\/05\/ulotka_segregacja.pdf\" data-type=\"attachment\" data-id=\"569\" target=\"_blank\" rel=\"noreferrer noopener\">Zasady segregacji odpad\u00f3w komunalnych<\/a><\/p>\n\n\n\n<p><a href=\"https:\/\/smlwchelmza.pl\/wp-content\/uploads\/2024\/05\/JAK_SEGREGOWAC_\u2014_.pdf\" data-type=\"attachment\" data-id=\"572\" target=\"_blank\" rel=\"noreferrer noopener\">Jak segregowa\u0107 odpady<\/a><\/p>\n\n\n\n<p><a href=\"https:\/\/smlwchelmza.pl\/wp-content\/uploads\/2024\/05\/Statut_2023.docx\" data-type=\"attachment\" data-id=\"578\" target=\"_blank\" rel=\"noreferrer noopener\">Statut_2023<\/a><\/p>\n\n\n\n<p><a href=\"https:\/\/smlwchelmza.pl\/wp-content\/uploads\/2024\/05\/czlonkostwo_odrebna.pdf\" data-type=\"attachment\" data-id=\"612\" target=\"_blank\" rel=\"noreferrer noopener\">Deklaracja przyst\u0105pienia do sp\u00f3\u0142dzielni<\/a><\/p>\n\n\n\n<p><a href=\"https:\/\/smlwchelmza.pl\/wp-content\/uploads\/2024\/05\/Regulamin_CO_i_CWU_06.12.2022.docx\" data-type=\"attachment\" data-id=\"580\" target=\"_blank\" rel=\"noreferrer noopener\">Regulamin CO i CWU<\/a><\/p>\n\n\n\n<p><a href=\"https:\/\/smlwchelmza.pl\/wp-content\/uploads\/2024\/05\/ebook_wniosek.doc\" data-type=\"attachment\" data-id=\"581\" target=\"_blank\" rel=\"noreferrer noopener\">ebook wniosek<\/a><\/p>\n\n\n\n<p><a href=\"https:\/\/smlwchelmza.pl\/wp-content\/uploads\/2024\/05\/REGULAMIN_Zarzadu_2014r.doc\" data-type=\"attachment\" data-id=\"585\" target=\"_blank\" rel=\"noreferrer noopener\">Regulamin Zarzadu 2014r<\/a><\/p>\n\n\n\n<p><a href=\"https:\/\/smlwchelmza.pl\/wp-content\/uploads\/2024\/05\/REGULAMIN__OBRAD__WALNEGO__ZGROMADZENIA_Chelmza.doc\" data-type=\"attachment\" data-id=\"586\" target=\"_blank\" rel=\"noreferrer noopener\">Regulamin obrad walnego zgromadzenia Chelmza<\/a><\/p>\n\n\n\n<p><a href=\"https:\/\/smlwchelmza.pl\/wp-content\/uploads\/2024\/05\/Reg.Porzadku_domowego-oryginal.doc\" data-type=\"attachment\" data-id=\"587\" target=\"_blank\" rel=\"noreferrer noopener\">Regulamin Porzadku domowego<\/a><\/p>\n\n\n\n<p><a href=\"https:\/\/smlwchelmza.pl\/wp-content\/uploads\/2024\/05\/oswiadczenie_o_ilosci_osob.docx\" data-type=\"attachment\" data-id=\"591\" target=\"_blank\" rel=\"noreferrer noopener\">Oswiadczenie o zmianie ilosci osob zamieszka\u0142ych w lokalu<\/a><\/p>\n\n\n\n<p><a href=\"https:\/\/smlwchelmza.pl\/wp-content\/uploads\/2024\/05\/REGULAMIN_rozl_zuzycia_wody.doc\" data-type=\"attachment\" data-id=\"596\" target=\"_blank\" rel=\"noreferrer noopener\">Regulamin rozliczania zu\u017cycia wody i odprowadzania \u015bciek\u00f3w w lokalach mieszkalnych i u\u017cytkowych Sp\u00f3\u0142dzielni Mieszkaniowej Lokatorsko \u2013 W\u0142asno\u015bciowej w Che\u0142m\u017cy<\/a><\/p>\n\n\n\n<p><a href=\"https:\/\/smlwchelmza.pl\/wp-content\/uploads\/2024\/05\/REGULAMIN_Rady_2018.pdf\" data-type=\"attachment\" data-id=\"615\" target=\"_blank\" rel=\"noreferrer noopener\">Regulamin Rady Nadzorczej<\/a><\/p>\n\n\n\n<p><a href=\"https:\/\/smlwchelmza.pl\/wp-content\/uploads\/2024\/05\/prawo_spoldzielcze.pdf\" data-type=\"attachment\" data-id=\"617\" target=\"_blank\" rel=\"noreferrer noopener\">Ustawa o sp\u00f3\u0142dzielniach<\/a><\/p>\n\n\n\n<p><a href=\"https:\/\/smlwchelmza.pl\/wp-content\/uploads\/2024\/05\/tabela_Redukcje__.pdf\" data-type=\"attachment\" data-id=\"618\" target=\"_blank\" rel=\"noreferrer noopener\">Za\u0142\u0105cznik do Regulaminu rozliczania energii cieplnej &#8211; redukcje zatwierdzona uchwa\u0142\u0105 RN<\/a><\/p>\n","protected":false},"excerpt":{"rendered":"<p>Klauzula RODO Oswiadczenie o wyra\u017ceniu zgody na przesy\u0142anie korespondencji drog\u0105 elektroniczn\u0105 Zasady segregacji odpad\u00f3w komunalnych Jak segregowa\u0107 odpady Statut_2023 Deklaracja przyst\u0105pienia do sp\u00f3\u0142dzielni Regulamin CO i CWU ebook wniosek Regulamin Zarzadu 2014r Regulamin obrad walnego zgromadzenia Chelmza Regulamin Porzadku domowego Oswiadczenie o zmianie ilosci osob zamieszka\u0142ych w lokalu Regulamin rozliczania zu\u017cycia wody i odprowadzania \u015bciek\u00f3w [&hellip;]<\/p>\n","protected":false},"author":1,"featured_media":0,"parent":0,"menu_order":0,"comment_status":"closed","ping_status":"closed","template":"","meta":{"footnotes":""},"class_list":["post-20","page","type-page","status-publish","hentry"],"_links":{"self":[{"href":"https:\/\/smlwchelmza.pl\/index.php?rest_route=\/wp\/v2\/pages\/20","targetHints":{"allow":["GET"]}}],"collection":[{"href":"https:\/\/smlwchelmza.pl\/index.php?rest_route=\/wp\/v2\/pages"}],"about":[{"href":"https:\/\/smlwchelmza.pl\/index.php?rest_route=\/wp\/v2\/types\/page"}],"author":[{"embeddable":true,"href":"https:\/\/smlwchelmza.pl\/index.php?rest_route=\/wp\/v2\/users\/1"}],"replies":[{"embeddable":true,"href":"https:\/\/smlwchelmza.pl\/index.php?rest_route=%2Fwp%2Fv2%2Fcomments&post=20"}],"version-history":[{"count":15,"href":"https:\/\/smlwchelmza.pl\/index.php?rest_route=\/wp\/v2\/pages\/20\/revisions"}],"predecessor-version":[{"id":620,"href":"https:\/\/smlwchelmza.pl\/index.php?rest_route=\/wp\/v2\/pages\/20\/revisions\/620"}],"wp:attachment":[{"href":"https:\/\/smlwchelmza.pl\/index.php?rest_route=%2Fwp%2Fv2%2Fmedia&parent=20"}],"curies":[{"name":"wp","href":"https:\/\/api.w.org\/{rel}","templated":true}]}}