{"id":18,"date":"2024-05-10T13:40:30","date_gmt":"2024-05-10T11:40:30","guid":{"rendered":"https:\/\/smlwchelmza.pl\/?page_id=18"},"modified":"2024-05-10T18:06:40","modified_gmt":"2024-05-10T16:06:40","slug":"wspieramy","status":"publish","type":"page","link":"https:\/\/smlwchelmza.pl\/?page_id=18","title":{"rendered":"Wspieramy"},"content":{"rendered":"\n<p>Mi\u0142o nas poinformowa\u0107, \u017ce od wielu lat wspieramy w\u00a0Che\u0142m\u017cy dwa kluby. Pierwszy z\u00a0nich zdoby\u0142 ju\u017c do\u015b\u0107 spor\u0105 s\u0142aw\u0119 mam tu na my\u015bli modelarnie Combat.<\/p>\n\n\n\n<figure class=\"wp-block-image aligncenter size-full\"><img loading=\"lazy\" decoding=\"async\" width=\"215\" height=\"221\" src=\"https:\/\/smlwchelmza.pl\/wp-content\/uploads\/2024\/05\/logo_combat.png\" alt=\"\" class=\"wp-image-546\"\/><\/figure>\n\n\n\n<p>&#8222;Modelarnia powsta\u0142a w&nbsp;1980 roku, z&nbsp;inicjatywy Mieczys\u0142awa Rogodzi\u0144skiego. Gdy zaj\u0119cia prowadzi\u0142 Pan Rogodzi\u0144ski, budowane by\u0142y modele samolot\u00f3w z&nbsp;nap\u0119dem silnikowym, lataj\u0105ce na uwi\u0119zi. W po\u0142owie lat 80., po odej\u015bciu Mieczys\u0142awa Rogodzi\u0144skiego, nowym instruktorem zosta\u0142 Miros\u0142aw Radciniewski. Zacz\u0119to odst\u0119powa\u0107 od tworzenia modeli lataj\u0105cych na uwi\u0119zi. Zacz\u0119\u0142y powstawa\u0107 latawce i&nbsp;szybowce swobodnie lataj\u0105ce, rakiety oraz redukcyjne modele kartonowe i&nbsp;plastikowe. Od roku 1990 w\u0142a\u015bnie plastikowe modele redukcyjne s\u0105 podstaw\u0105 pracy \u201eCombatu\u201d i&nbsp;to one zapewni\u0142y liczne sukcesy w&nbsp;kraju i&nbsp;za granic\u0105. Od kilku lat szefem modelarni &#8222;COMBAT&#8221; jest instruktor Marek Wantowski.&nbsp;<\/p>\n\n\n\n<p>Obecnie zaj\u0119cia odbywaj\u0105 si\u0119 we&nbsp;wtorki i&nbsp;pi\u0105tki w&nbsp;godzinach 16:30 &#8211; 19:00.<\/p>\n\n\n\n<p>Kontakt:<br>Marek Wantowsk Instruktor&#8221;<\/p>\n\n\n\n<p>Po wi\u0119cej informacji odsy\u0142am Pa\u0144stwa na stron\u0119 internetow\u0105 klubu oraz fanpage\u00a0<\/p>\n\n\n\n<p><a href=\"http:\/\/www.combatchelmza.cba.pl\/index.php\">http:\/\/www.combatchelmza.cba.pl\/index.php<\/a><\/p>\n\n\n\n<p><a href=\"https:\/\/www.facebook.com\/Modelarnia-Combat-Che%C5%82m%C5%BCa-584541161676716\/info\/?entry_point=page_nav_about_item&amp;tab=page_info\">https:\/\/www.facebook.com\/Modelarnia-Combat-Che%C5%82m%C5%BCa-584541161676716\/info\/?entry_point=page_nav_about_item&amp;tab=page_info<\/a><\/p>\n\n\n\n<figure class=\"wp-block-image aligncenter size-large is-resized\"><img loading=\"lazy\" decoding=\"async\" width=\"999\" height=\"1024\" src=\"https:\/\/smlwchelmza.pl\/wp-content\/uploads\/2024\/05\/logo444-999x1024.png\" alt=\"\" class=\"wp-image-554\" style=\"object-fit:cover;width:300px;height:300px\" srcset=\"https:\/\/smlwchelmza.pl\/wp-content\/uploads\/2024\/05\/logo444-999x1024.png 999w, https:\/\/smlwchelmza.pl\/wp-content\/uploads\/2024\/05\/logo444-293x300.png 293w, https:\/\/smlwchelmza.pl\/wp-content\/uploads\/2024\/05\/logo444-768x787.png 768w, https:\/\/smlwchelmza.pl\/wp-content\/uploads\/2024\/05\/logo444.png 1283w\" sizes=\"auto, (max-width: 999px) 100vw, 999px\" \/><\/figure>\n\n\n\n<p>Kolejnym, klubem kt\u00f3ry wpiera nasza sp\u00f3\u0142dzielnia jest Klub Gier Bitewnych w&nbsp;Che\u0142m\u017cy.&nbsp;Gry bitewne to odmiana standardowych gier planszowych. Gracze dysponuj\u0105 okre\u015blon\u0105 liczb\u0105 r\u00f3\u017cnych jednostek. Rozgrywka dzieli si\u0119 na tury, w&nbsp;trakcie kt\u00f3rych gracze w&nbsp;ustalonej kolejno\u015bci wykonuj\u0105 ruchy. Ka\u017cdy rodzaj jednostki dysponuje odmiennymi atrybutami, takimi jak szybko\u015b\u0107 poruszania si\u0119 (zale\u017cy od niej zazwyczaj odleg\u0142o\u015b\u0107 ruchu), szansa obrony, szansa na atak oraz obra\u017cenia. Kwestie losowe rozstrzygane s\u0105 za&nbsp;pomoc\u0105 przypisanego do&nbsp;danej gry rodzaju kostek. W niekt\u00f3rych grach poszczeg\u00f3lne postacie tego samego rodzaju r\u00f3\u017cni\u0105 si\u0119 umiej\u0119tno\u015bciami, zdobywanymi w&nbsp;trakcie walki. Gry bitewne kt\u00f3re mo\u017cna spotka\u0107 w&nbsp;naszym klubie to Warhammer, Warhammer 40000, Mordheim, Umbra Turris, Infinity, Neuroshima Hex.<\/p>\n\n\n\n<p>Kontakt:<\/p>\n\n\n\n<p>Tomasz Beszczy\u0144ski<\/p>\n\n\n\n<p>Po wi\u0119cej informacji odsy\u0142am Pa\u0144stwa na stron\u0119 fanpage:<\/p>\n\n\n\n<p><a href=\"https:\/\/www.facebook.com\/Klub-Gier-Bitewnych-WFB-Che%C5%82m%C5%BCa-561374760646924\">https:\/\/www.facebook.com\/Klub-Gier-Bitewnych-WFB-Che%C5%82m%C5%BCa-561374760646924<\/a><\/p>\n\n\n\n<p>Zapraszam r\u00f3wnie\u017c do\u00a0obejrzenia dw\u00f3ch filmik\u00f3w promuj\u0105cych kluby:<\/p>\n\n\n\n<figure class=\"wp-block-embed aligncenter is-type-video is-provider-youtube wp-block-embed-youtube wp-embed-aspect-16-9 wp-has-aspect-ratio\"><div class=\"wp-block-embed__wrapper\">\n<iframe loading=\"lazy\" title=\"Klub Gier Bitewnych Che\u0142m\u017ca Warhammer\" width=\"500\" height=\"281\" src=\"https:\/\/www.youtube.com\/embed\/1RuwxUtQDjI?feature=oembed\" frameborder=\"0\" allow=\"accelerometer; autoplay; clipboard-write; encrypted-media; gyroscope; picture-in-picture; web-share\" referrerpolicy=\"strict-origin-when-cross-origin\" allowfullscreen><\/iframe>\n<\/div><\/figure>\n\n\n\n<figure class=\"wp-block-embed is-type-video is-provider-youtube wp-block-embed-youtube wp-embed-aspect-16-9 wp-has-aspect-ratio\"><div class=\"wp-block-embed__wrapper\">\n<iframe loading=\"lazy\" title=\"Modelarze Mistao Che\u0142m\u017ca  telewizja po sasiedzku web\" width=\"500\" height=\"281\" src=\"https:\/\/www.youtube.com\/embed\/ZWdYSvbt0a8?feature=oembed\" frameborder=\"0\" allow=\"accelerometer; autoplay; clipboard-write; encrypted-media; gyroscope; picture-in-picture; web-share\" referrerpolicy=\"strict-origin-when-cross-origin\" allowfullscreen><\/iframe>\n<\/div><\/figure>\n","protected":false},"excerpt":{"rendered":"<p>Mi\u0142o nas poinformowa\u0107, \u017ce od wielu lat wspieramy w\u00a0Che\u0142m\u017cy dwa kluby. Pierwszy z\u00a0nich zdoby\u0142 ju\u017c do\u015b\u0107 spor\u0105 s\u0142aw\u0119 mam tu na my\u015bli modelarnie Combat. &#8222;Modelarnia powsta\u0142a w&nbsp;1980 roku, z&nbsp;inicjatywy Mieczys\u0142awa Rogodzi\u0144skiego. Gdy zaj\u0119cia prowadzi\u0142 Pan Rogodzi\u0144ski, budowane by\u0142y modele samolot\u00f3w z&nbsp;nap\u0119dem silnikowym, lataj\u0105ce na uwi\u0119zi. W po\u0142owie lat 80., po odej\u015bciu Mieczys\u0142awa Rogodzi\u0144skiego, nowym instruktorem [&hellip;]<\/p>\n","protected":false},"author":1,"featured_media":0,"parent":0,"menu_order":0,"comment_status":"closed","ping_status":"closed","template":"","meta":{"footnotes":""},"class_list":["post-18","page","type-page","status-publish","hentry"],"_links":{"self":[{"href":"https:\/\/smlwchelmza.pl\/index.php?rest_route=\/wp\/v2\/pages\/18","targetHints":{"allow":["GET"]}}],"collection":[{"href":"https:\/\/smlwchelmza.pl\/index.php?rest_route=\/wp\/v2\/pages"}],"about":[{"href":"https:\/\/smlwchelmza.pl\/index.php?rest_route=\/wp\/v2\/types\/page"}],"author":[{"embeddable":true,"href":"https:\/\/smlwchelmza.pl\/index.php?rest_route=\/wp\/v2\/users\/1"}],"replies":[{"embeddable":true,"href":"https:\/\/smlwchelmza.pl\/index.php?rest_route=%2Fwp%2Fv2%2Fcomments&post=18"}],"version-history":[{"count":2,"href":"https:\/\/smlwchelmza.pl\/index.php?rest_route=\/wp\/v2\/pages\/18\/revisions"}],"predecessor-version":[{"id":558,"href":"https:\/\/smlwchelmza.pl\/index.php?rest_route=\/wp\/v2\/pages\/18\/revisions\/558"}],"wp:attachment":[{"href":"https:\/\/smlwchelmza.pl\/index.php?rest_route=%2Fwp%2Fv2%2Fmedia&parent=18"}],"curies":[{"name":"wp","href":"https:\/\/api.w.org\/{rel}","templated":true}]}}